{"id":266,"date":"2020-09-15T19:55:52","date_gmt":"2020-09-15T17:55:52","guid":{"rendered":"https:\/\/uwe-fahr.de\/?page_id=266"},"modified":"2020-10-04T19:29:52","modified_gmt":"2020-10-04T17:29:52","slug":"seminare-und-schulungen","status":"publish","type":"page","link":"https:\/\/uwe-fahr.de\/en\/seminare-und-schulungen\/","title":{"rendered":"trainings"},"content":{"rendered":"\n<p>I offer trainings on various topics. Most of the trainings I offer are on the topics of Higher Education as well as ethics and ethics consulting. At the Lutheran University of Applied Sciences Nuremberg, for example, I teach an introductory course in philosophical ethics. The training courses in ethics consulting are aimed at hospitals and clinics with a clinical ethics committee.<\/p>\n\n\n\n<p>Within the scope of my professional activities at the university I teach Higher Education. Interested universities are welcome to book this offer. Lecturers at Bavarian universities can book these courses directly via the Profilehreplus offer page.<\/p>\n\n\n\n<h3 class=\"wp-block-heading\">Introduction to ethics and ethics consulting<\/h3>\n\n\n\n<ul class=\"wp-block-list\"><li>Fundamentals of ethics<\/li><li>Introduction to medical and nursing ethics<\/li><li>Decisions at the end of life<\/li><li>Introduction to ethics consulting<\/li><li>Conducting discussions in ethics consulting<\/li><li>Structure and organization of ethics committees<\/li><\/ul>\n\n\n\n<h3 class=\"wp-block-heading\">Higher Education<\/h3>\n\n\n\n<ul class=\"wp-block-list\"><li>Foundations of university didactics: from depth-oriented learning to learning goals and the taxonomy of learning goals<\/li><li>Rhetoric for scientists and scholars<\/li><li>Plan and organize assessments<\/li><li>Prepare and perform tests<\/li><li>Advice for students and support for dissertations<\/li><\/ul>\n","protected":false},"excerpt":{"rendered":"<p>I offer trainings on various topics. Most of the trainings I offer are on the topics of Higher Education as well as ethics and ethics consulting. At the Lutheran University of Applied Sciences Nuremberg, for example, I teach an introductory <span class=\"readmore\"><a href=\"https:\/\/uwe-fahr.de\/en\/seminare-und-schulungen\/\">mehr lesen&#8230;<\/a><\/span><\/p>\n","protected":false},"author":1,"featured_media":0,"parent":0,"menu_order":0,"comment_status":"closed","ping_status":"closed","template":"","meta":{"footnotes":""},"class_list":["post-266","page","type-page","status-publish","hentry"],"translation":{"provider":"WPGlobus","version":"3.0.2","language":"en","enabled_languages":["de","en"],"languages":{"de":{"title":true,"content":true,"excerpt":false},"en":{"title":true,"content":true,"excerpt":false}}},"yoast_head":"<!-- This site is optimized with the Yoast SEO plugin v27.4 - https:\/\/yoast.com\/product\/yoast-seo-wordpress\/ -->\n<title>trainings - Dr. Uwe Fahr<\/title>\n<meta name=\"description\" content=\"Ich biete Kurse zur Gepr\u00e4chsf\u00fchrung in der Ethikberatung, Einf\u00fchrung in die Ethik und die Ethikberatung und Seminare zur Hochschuldidaktik.\" \/>\n<meta name=\"robots\" content=\"index, follow, max-snippet:-1, max-image-preview:large, max-video-preview:-1\" \/>\n<link rel=\"canonical\" href=\"https:\/\/uwe-fahr.de\/en\/seminare-und-schulungen\/\" \/>\n<meta property=\"og:locale\" content=\"en_US\" \/>\n<meta property=\"og:type\" content=\"article\" \/>\n<meta property=\"og:title\" content=\"trainings - Dr. Uwe Fahr\" \/>\n<meta property=\"og:description\" content=\"Ich biete Kurse zur Gepr\u00e4chsf\u00fchrung in der Ethikberatung, Einf\u00fchrung in die Ethik und die Ethikberatung und Seminare zur Hochschuldidaktik.\" \/>\n<meta property=\"og:url\" content=\"https:\/\/uwe-fahr.de\/en\/seminare-und-schulungen\/\" \/>\n<meta property=\"og:site_name\" content=\"Dr. Uwe Fahr\" \/>\n<meta property=\"article:modified_time\" content=\"2020-10-04T17:29:52+00:00\" \/>\n<meta name=\"twitter:card\" content=\"summary_large_image\" \/>\n<meta name=\"twitter:label1\" content=\"Est. reading time\" \/>\n\t<meta name=\"twitter:data1\" content=\"2 minutes\" \/>\n<script type=\"application\/ld+json\" class=\"yoast-schema-graph\">{\"@context\":\"https:\\\/\\\/schema.org\",\"@graph\":[{\"@type\":\"WebPage\",\"@id\":\"https:\\\/\\\/uwe-fahr.de\\\/en\\\/seminare-und-schulungen\\\/\",\"url\":\"https:\\\/\\\/uwe-fahr.de\\\/en\\\/seminare-und-schulungen\\\/\",\"name\":\"trainings - Dr. Uwe Fahr\",\"isPartOf\":{\"@id\":\"https:\\\/\\\/uwe-fahr.de\\\/#website\"},\"datePublished\":\"2020-09-15T17:55:52+00:00\",\"dateModified\":\"2020-10-04T17:29:52+00:00\",\"description\":\"Ich biete Kurse zur Gepr\u00e4chsf\u00fchrung in der Ethikberatung, Einf\u00fchrung in die Ethik und die Ethikberatung und Seminare zur Hochschuldidaktik.\",\"breadcrumb\":{\"@id\":\"https:\\\/\\\/uwe-fahr.de\\\/en\\\/seminare-und-schulungen\\\/#breadcrumb\"},\"inLanguage\":\"en-US\",\"potentialAction\":[{\"@type\":\"ReadAction\",\"target\":[\"https:\\\/\\\/uwe-fahr.de\\\/en\\\/seminare-und-schulungen\\\/\"]}]},{\"@type\":\"BreadcrumbList\",\"@id\":\"https:\\\/\\\/uwe-fahr.de\\\/en\\\/seminare-und-schulungen\\\/#breadcrumb\",\"itemListElement\":[{\"@type\":\"ListItem\",\"position\":1,\"name\":\"Startseite\",\"item\":\"https:\\\/\\\/uwe-fahr.de\\\/\"},{\"@type\":\"ListItem\",\"position\":2,\"name\":\"trainings\"}]},{\"@type\":\"WebSite\",\"@id\":\"https:\\\/\\\/uwe-fahr.de\\\/#website\",\"url\":\"https:\\\/\\\/uwe-fahr.de\\\/\",\"name\":\"Dr. Uwe Fahr\",\"description\":\"Ethikberatung, Supervision und Coaching\",\"publisher\":{\"@id\":\"https:\\\/\\\/uwe-fahr.de\\\/#\\\/schema\\\/person\\\/06ea8f0b2d6ecb06202ccb78949b574a\"},\"potentialAction\":[{\"@type\":\"SearchAction\",\"target\":{\"@type\":\"EntryPoint\",\"urlTemplate\":\"https:\\\/\\\/uwe-fahr.de\\\/?s={search_term_string}\"},\"query-input\":{\"@type\":\"PropertyValueSpecification\",\"valueRequired\":true,\"valueName\":\"search_term_string\"}}],\"inLanguage\":\"en-US\"},{\"@type\":[\"Person\",\"Organization\"],\"@id\":\"https:\\\/\\\/uwe-fahr.de\\\/#\\\/schema\\\/person\\\/06ea8f0b2d6ecb06202ccb78949b574a\",\"name\":\"Uwe Fahr\",\"logo\":{\"@id\":\"https:\\\/\\\/uwe-fahr.de\\\/#\\\/schema\\\/person\\\/image\\\/\"},\"sameAs\":[\"http:\\\/\\\/uwe-fahr.de\"]}]}<\/script>\n<!-- \/ Yoast SEO plugin. -->","yoast_head_json":{"title":"trainings - Dr. Uwe Fahr","description":"Ich biete Kurse zur Gepr\u00e4chsf\u00fchrung in der Ethikberatung, Einf\u00fchrung in die Ethik und die Ethikberatung und Seminare zur Hochschuldidaktik.","robots":{"index":"index","follow":"follow","max-snippet":"max-snippet:-1","max-image-preview":"max-image-preview:large","max-video-preview":"max-video-preview:-1"},"canonical":"https:\/\/uwe-fahr.de\/en\/seminare-und-schulungen\/","og_locale":"en_US","og_type":"article","og_title":"trainings - Dr. Uwe Fahr","og_description":"Ich biete Kurse zur Gepr\u00e4chsf\u00fchrung in der Ethikberatung, Einf\u00fchrung in die Ethik und die Ethikberatung und Seminare zur Hochschuldidaktik.","og_url":"https:\/\/uwe-fahr.de\/en\/seminare-und-schulungen\/","og_site_name":"Dr. Uwe Fahr","article_modified_time":"2020-10-04T17:29:52+00:00","twitter_card":"summary_large_image","twitter_misc":{"Est. reading time":"2 minutes"},"schema":{"@context":"https:\/\/schema.org","@graph":[{"@type":"WebPage","@id":"https:\/\/uwe-fahr.de\/en\/seminare-und-schulungen\/","url":"https:\/\/uwe-fahr.de\/en\/seminare-und-schulungen\/","name":"trainings - Dr. Uwe Fahr","isPartOf":{"@id":"https:\/\/uwe-fahr.de\/#website"},"datePublished":"2020-09-15T17:55:52+00:00","dateModified":"2020-10-04T17:29:52+00:00","description":"Ich biete Kurse zur Gepr\u00e4chsf\u00fchrung in der Ethikberatung, Einf\u00fchrung in die Ethik und die Ethikberatung und Seminare zur Hochschuldidaktik.","breadcrumb":{"@id":"https:\/\/uwe-fahr.de\/en\/seminare-und-schulungen\/#breadcrumb"},"inLanguage":"en-US","potentialAction":[{"@type":"ReadAction","target":["https:\/\/uwe-fahr.de\/en\/seminare-und-schulungen\/"]}]},{"@type":"BreadcrumbList","@id":"https:\/\/uwe-fahr.de\/en\/seminare-und-schulungen\/#breadcrumb","itemListElement":[{"@type":"ListItem","position":1,"name":"Startseite","item":"https:\/\/uwe-fahr.de\/"},{"@type":"ListItem","position":2,"name":"trainings"}]},{"@type":"WebSite","@id":"https:\/\/uwe-fahr.de\/#website","url":"https:\/\/uwe-fahr.de\/","name":"Dr. Uwe Fahr","description":"Ethikberatung, Supervision und Coaching","publisher":{"@id":"https:\/\/uwe-fahr.de\/#\/schema\/person\/06ea8f0b2d6ecb06202ccb78949b574a"},"potentialAction":[{"@type":"SearchAction","target":{"@type":"EntryPoint","urlTemplate":"https:\/\/uwe-fahr.de\/?s={search_term_string}"},"query-input":{"@type":"PropertyValueSpecification","valueRequired":true,"valueName":"search_term_string"}}],"inLanguage":"en-US"},{"@type":["Person","Organization"],"@id":"https:\/\/uwe-fahr.de\/#\/schema\/person\/06ea8f0b2d6ecb06202ccb78949b574a","name":"Uwe Fahr","logo":{"@id":"https:\/\/uwe-fahr.de\/#\/schema\/person\/image\/"},"sameAs":["http:\/\/uwe-fahr.de"]}]}},"_links":{"self":[{"href":"https:\/\/uwe-fahr.de\/en\/wp-json\/wp\/v2\/pages\/266","targetHints":{"allow":["GET"]}}],"collection":[{"href":"https:\/\/uwe-fahr.de\/en\/wp-json\/wp\/v2\/pages"}],"about":[{"href":"https:\/\/uwe-fahr.de\/en\/wp-json\/wp\/v2\/types\/page"}],"author":[{"embeddable":true,"href":"https:\/\/uwe-fahr.de\/en\/wp-json\/wp\/v2\/users\/1"}],"replies":[{"embeddable":true,"href":"https:\/\/uwe-fahr.de\/en\/wp-json\/wp\/v2\/comments?post=266"}],"version-history":[{"count":10,"href":"https:\/\/uwe-fahr.de\/en\/wp-json\/wp\/v2\/pages\/266\/revisions"}],"predecessor-version":[{"id":340,"href":"https:\/\/uwe-fahr.de\/en\/wp-json\/wp\/v2\/pages\/266\/revisions\/340"}],"wp:attachment":[{"href":"https:\/\/uwe-fahr.de\/en\/wp-json\/wp\/v2\/media?parent=266"}],"curies":[{"name":"wp","href":"https:\/\/api.w.org\/{rel}","templated":true}]}}