{"id":47,"date":"2020-07-14T12:22:52","date_gmt":"2020-07-14T12:22:52","guid":{"rendered":"http:\/\/localhost\/wordpress\/?page_id=47"},"modified":"2020-10-22T10:28:18","modified_gmt":"2020-10-22T08:28:18","slug":"supervision-und-coaching","status":"publish","type":"page","link":"https:\/\/uwe-fahr.de\/en\/home\/beratungsangebote\/supervision-und-coaching\/","title":{"rendered":"supervison and coaching"},"content":{"rendered":"\n<p>Coaching and supervision are very similar in their approach. Both forms of counselling are aimed at professionals who are looking for a way to examine their personal situation in the context of their professional work, to recognize development opportunities and to take personal responsibility. They are aimed at individuals as well as groups and teams.<\/p>\n\n\n\n<ul class=\"wp-block-list\"><li>Individual supervision and coaching serves, among other things, to accompany professional developments, to deal with conflicts, to strengthen personal competencies.<\/li><li>Team supervision and coaching aims to support and accompany teams in their work processes, to open up a space for joint reflection and thus to strengthen the professional relationships of those involved.<\/li><li>Group supervision and coaching is aimed at people of the same profession who work in different organizations. It serves the purpose of securing and strengthening professionalism together.<\/li><\/ul>\n\n\n\n<p><\/p>\n","protected":false},"excerpt":{"rendered":"<p>Coaching and supervision are very similar in their approach. Both forms of counselling are aimed at professionals who are looking for a way to examine their personal situation in the context of their professional work, to recognize development opportunities and <span class=\"readmore\"><a href=\"https:\/\/uwe-fahr.de\/en\/home\/beratungsangebote\/supervision-und-coaching\/\">mehr lesen&#8230;<\/a><\/span><\/p>\n","protected":false},"author":1,"featured_media":0,"parent":70,"menu_order":2,"comment_status":"closed","ping_status":"closed","template":"","meta":{"footnotes":""},"class_list":["post-47","page","type-page","status-publish","hentry"],"translation":{"provider":"WPGlobus","version":"3.0.2","language":"en","enabled_languages":["de","en"],"languages":{"de":{"title":true,"content":true,"excerpt":false},"en":{"title":true,"content":true,"excerpt":false}}},"yoast_head":"<!-- This site is optimized with the Yoast SEO plugin v27.4 - https:\/\/yoast.com\/product\/yoast-seo-wordpress\/ -->\n<title>supervison and coaching - Dr. Uwe Fahr<\/title>\n<meta name=\"robots\" content=\"index, follow, max-snippet:-1, max-image-preview:large, max-video-preview:-1\" \/>\n<link rel=\"canonical\" href=\"https:\/\/uwe-fahr.de\/en\/home\/beratungsangebote\/supervision-und-coaching\/\" \/>\n<meta property=\"og:locale\" content=\"en_US\" \/>\n<meta property=\"og:type\" content=\"article\" \/>\n<meta property=\"og:title\" content=\"supervison and coaching - Dr. Uwe Fahr\" \/>\n<meta property=\"og:url\" content=\"https:\/\/uwe-fahr.de\/en\/home\/beratungsangebote\/supervision-und-coaching\/\" \/>\n<meta property=\"og:site_name\" content=\"Dr. Uwe Fahr\" \/>\n<meta property=\"article:modified_time\" content=\"2020-10-22T08:28:18+00:00\" \/>\n<meta name=\"twitter:card\" content=\"summary_large_image\" \/>\n<meta name=\"twitter:label1\" content=\"Est. reading time\" \/>\n\t<meta name=\"twitter:data1\" content=\"1 minute\" \/>\n<script type=\"application\/ld+json\" class=\"yoast-schema-graph\">{\"@context\":\"https:\\\/\\\/schema.org\",\"@graph\":[{\"@type\":\"WebPage\",\"@id\":\"https:\\\/\\\/uwe-fahr.de\\\/en\\\/home\\\/beratungsangebote\\\/supervision-und-coaching\\\/\",\"url\":\"https:\\\/\\\/uwe-fahr.de\\\/en\\\/home\\\/beratungsangebote\\\/supervision-und-coaching\\\/\",\"name\":\"supervison and coaching - Dr. Uwe Fahr\",\"isPartOf\":{\"@id\":\"https:\\\/\\\/uwe-fahr.de\\\/#website\"},\"datePublished\":\"2020-07-14T12:22:52+00:00\",\"dateModified\":\"2020-10-22T08:28:18+00:00\",\"description\":\"Zu meinen Angeboten geh\u00f6ren Supervision und Coaching f\u00fcr Einzelne. Ziel ist die pers\u00f6nliche Entwicklung und Kl\u00e4rung.\",\"breadcrumb\":{\"@id\":\"https:\\\/\\\/uwe-fahr.de\\\/en\\\/home\\\/beratungsangebote\\\/supervision-und-coaching\\\/#breadcrumb\"},\"inLanguage\":\"en-US\",\"potentialAction\":[{\"@type\":\"ReadAction\",\"target\":[\"https:\\\/\\\/uwe-fahr.de\\\/en\\\/home\\\/beratungsangebote\\\/supervision-und-coaching\\\/\"]}]},{\"@type\":\"BreadcrumbList\",\"@id\":\"https:\\\/\\\/uwe-fahr.de\\\/en\\\/home\\\/beratungsangebote\\\/supervision-und-coaching\\\/#breadcrumb\",\"itemListElement\":[{\"@type\":\"ListItem\",\"position\":1,\"name\":\"Startseite\",\"item\":\"https:\\\/\\\/uwe-fahr.de\\\/\"},{\"@type\":\"ListItem\",\"position\":2,\"name\":\"Herzlich willkommen!\",\"item\":\"https:\\\/\\\/uwe-fahr.de\\\/\"},{\"@type\":\"ListItem\",\"position\":3,\"name\":\"counselling\",\"item\":\"https:\\\/\\\/uwe-fahr.de\\\/en\\\/?page_id=70\"},{\"@type\":\"ListItem\",\"position\":4,\"name\":\"supervison and coaching\"}]},{\"@type\":\"WebSite\",\"@id\":\"https:\\\/\\\/uwe-fahr.de\\\/#website\",\"url\":\"https:\\\/\\\/uwe-fahr.de\\\/\",\"name\":\"Dr. Uwe Fahr\",\"description\":\"Ethikberatung, Supervision und Coaching\",\"publisher\":{\"@id\":\"https:\\\/\\\/uwe-fahr.de\\\/#\\\/schema\\\/person\\\/06ea8f0b2d6ecb06202ccb78949b574a\"},\"potentialAction\":[{\"@type\":\"SearchAction\",\"target\":{\"@type\":\"EntryPoint\",\"urlTemplate\":\"https:\\\/\\\/uwe-fahr.de\\\/?s={search_term_string}\"},\"query-input\":{\"@type\":\"PropertyValueSpecification\",\"valueRequired\":true,\"valueName\":\"search_term_string\"}}],\"inLanguage\":\"en-US\"},{\"@type\":[\"Person\",\"Organization\"],\"@id\":\"https:\\\/\\\/uwe-fahr.de\\\/#\\\/schema\\\/person\\\/06ea8f0b2d6ecb06202ccb78949b574a\",\"name\":\"Uwe Fahr\",\"logo\":{\"@id\":\"https:\\\/\\\/uwe-fahr.de\\\/#\\\/schema\\\/person\\\/image\\\/\"},\"sameAs\":[\"http:\\\/\\\/uwe-fahr.de\"]}]}<\/script>\n<!-- \/ Yoast SEO plugin. -->","yoast_head_json":{"title":"supervison and coaching - Dr. Uwe Fahr","robots":{"index":"index","follow":"follow","max-snippet":"max-snippet:-1","max-image-preview":"max-image-preview:large","max-video-preview":"max-video-preview:-1"},"canonical":"https:\/\/uwe-fahr.de\/en\/home\/beratungsangebote\/supervision-und-coaching\/","og_locale":"en_US","og_type":"article","og_title":"supervison and coaching - Dr. Uwe Fahr","og_url":"https:\/\/uwe-fahr.de\/en\/home\/beratungsangebote\/supervision-und-coaching\/","og_site_name":"Dr. Uwe Fahr","article_modified_time":"2020-10-22T08:28:18+00:00","twitter_card":"summary_large_image","twitter_misc":{"Est. reading time":"1 minute"},"schema":{"@context":"https:\/\/schema.org","@graph":[{"@type":"WebPage","@id":"https:\/\/uwe-fahr.de\/en\/home\/beratungsangebote\/supervision-und-coaching\/","url":"https:\/\/uwe-fahr.de\/en\/home\/beratungsangebote\/supervision-und-coaching\/","name":"supervison and coaching - Dr. Uwe Fahr","isPartOf":{"@id":"https:\/\/uwe-fahr.de\/#website"},"datePublished":"2020-07-14T12:22:52+00:00","dateModified":"2020-10-22T08:28:18+00:00","description":"Zu meinen Angeboten geh\u00f6ren Supervision und Coaching f\u00fcr Einzelne. Ziel ist die pers\u00f6nliche Entwicklung und Kl\u00e4rung.","breadcrumb":{"@id":"https:\/\/uwe-fahr.de\/en\/home\/beratungsangebote\/supervision-und-coaching\/#breadcrumb"},"inLanguage":"en-US","potentialAction":[{"@type":"ReadAction","target":["https:\/\/uwe-fahr.de\/en\/home\/beratungsangebote\/supervision-und-coaching\/"]}]},{"@type":"BreadcrumbList","@id":"https:\/\/uwe-fahr.de\/en\/home\/beratungsangebote\/supervision-und-coaching\/#breadcrumb","itemListElement":[{"@type":"ListItem","position":1,"name":"Startseite","item":"https:\/\/uwe-fahr.de\/"},{"@type":"ListItem","position":2,"name":"Herzlich willkommen!","item":"https:\/\/uwe-fahr.de\/"},{"@type":"ListItem","position":3,"name":"counselling","item":"https:\/\/uwe-fahr.de\/en\/?page_id=70"},{"@type":"ListItem","position":4,"name":"supervison and coaching"}]},{"@type":"WebSite","@id":"https:\/\/uwe-fahr.de\/#website","url":"https:\/\/uwe-fahr.de\/","name":"Dr. Uwe Fahr","description":"Ethikberatung, Supervision und Coaching","publisher":{"@id":"https:\/\/uwe-fahr.de\/#\/schema\/person\/06ea8f0b2d6ecb06202ccb78949b574a"},"potentialAction":[{"@type":"SearchAction","target":{"@type":"EntryPoint","urlTemplate":"https:\/\/uwe-fahr.de\/?s={search_term_string}"},"query-input":{"@type":"PropertyValueSpecification","valueRequired":true,"valueName":"search_term_string"}}],"inLanguage":"en-US"},{"@type":["Person","Organization"],"@id":"https:\/\/uwe-fahr.de\/#\/schema\/person\/06ea8f0b2d6ecb06202ccb78949b574a","name":"Uwe Fahr","logo":{"@id":"https:\/\/uwe-fahr.de\/#\/schema\/person\/image\/"},"sameAs":["http:\/\/uwe-fahr.de"]}]}},"_links":{"self":[{"href":"https:\/\/uwe-fahr.de\/en\/wp-json\/wp\/v2\/pages\/47","targetHints":{"allow":["GET"]}}],"collection":[{"href":"https:\/\/uwe-fahr.de\/en\/wp-json\/wp\/v2\/pages"}],"about":[{"href":"https:\/\/uwe-fahr.de\/en\/wp-json\/wp\/v2\/types\/page"}],"author":[{"embeddable":true,"href":"https:\/\/uwe-fahr.de\/en\/wp-json\/wp\/v2\/users\/1"}],"replies":[{"embeddable":true,"href":"https:\/\/uwe-fahr.de\/en\/wp-json\/wp\/v2\/comments?post=47"}],"version-history":[{"count":9,"href":"https:\/\/uwe-fahr.de\/en\/wp-json\/wp\/v2\/pages\/47\/revisions"}],"predecessor-version":[{"id":343,"href":"https:\/\/uwe-fahr.de\/en\/wp-json\/wp\/v2\/pages\/47\/revisions\/343"}],"up":[{"embeddable":true,"href":"https:\/\/uwe-fahr.de\/en\/wp-json\/wp\/v2\/pages\/70"}],"wp:attachment":[{"href":"https:\/\/uwe-fahr.de\/en\/wp-json\/wp\/v2\/media?parent=47"}],"curies":[{"name":"wp","href":"https:\/\/api.w.org\/{rel}","templated":true}]}}